{"id":434,"date":"2021-07-31T03:53:41","date_gmt":"2021-07-31T03:53:41","guid":{"rendered":"https:\/\/z.commonsupport.com\/acuasafe\/?page_id=434"},"modified":"2024-08-29T11:39:39","modified_gmt":"2024-08-29T11:39:39","slug":"residential-waters","status":"publish","type":"page","link":"https:\/\/dassfil.com.tr\/index.php\/residential-waters\/","title":{"rendered":"Sediment Filtre (SPUN)"},"content":{"rendered":"\t\t<div data-elementor-type=\"wp-page\" data-elementor-id=\"434\" class=\"elementor elementor-434\" data-elementor-settings=\"{&quot;ha_cmc_init_switcher&quot;:&quot;no&quot;}\">\n\t\t\t\t\t\t<section class=\"elementor-section elementor-top-section elementor-element elementor-element-18631f37 elementor-section-boxed elementor-section-height-default elementor-section-height-default wpr-particle-no wpr-jarallax-no wpr-parallax-no wpr-sticky-section-no\" data-id=\"18631f37\" data-element_type=\"section\" data-settings=\"{&quot;_ha_eqh_enable&quot;:false}\">\n\t\t\t\t\t\t<div class=\"elementor-container elementor-column-gap-no\">\n\t\t\t\t\t<div class=\"elementor-column elementor-col-66 elementor-top-column elementor-element elementor-element-7f5e494d\" data-id=\"7f5e494d\" data-element_type=\"column\">\n\t\t\t<div class=\"elementor-widget-wrap elementor-element-populated\">\n\t\t\t\t\t\t<div class=\"elementor-element elementor-element-f5daa75 elementor-widget elementor-widget-acuasafe_service_details1\" data-id=\"f5daa75\" data-element_type=\"widget\" data-widget_type=\"acuasafe_service_details1.default\">\n\t\t\t\t<div class=\"elementor-widget-container\">\n\t\t\t\t\t        \n\t\t<section class=\"service-details one\">\n\t\t\t<div class=\"auto-container\">\n\t\t\t\t<div class=\"row clearfix\">\n\t\t\t\t\t<div class=\"col-lg-12 col-md-12 col-sm-12 content-side\">\n\t\t\t\t\t\t<div class=\"service-details-content\">\n\t\t\t\t\t\t\t<div class=\"content-one\">\n\t\t\t\t\t\t\t\t<div class=\"text\">\n\t\t\t\t\t\t\t\t\t<h2>Sediment Filtre (SPUN)<\/h2>\n\t\t\t\t\t\t\t\t\t<p>Sediment filtre su ar\u0131tma cihazlar\u0131nda kullan\u0131lan ve hayati bir \u00f6neme sahip olan bir filtredir. R.O yani Reverse Osmosis cihazlarda ilk filtredir. Di\u011fer bir ad\u0131 spun filtre\u2019dir. Temel amac\u0131 ar\u0131tma cihaz\u0131na giren suyun i\u00e7erisindeki partik\u00fclleri, tortular\u0131, kum ve \u00e7amur gibi \u00e7\u00f6z\u00fcnmemi\u015f maddeleri filtreleyerek sudaki kirlili\u011fi \u00f6nlemektir. Bu sayede kendinden sonraki filtreler i\u00e7in \u00f6n temizlik yapm\u0131\u015f olur. \nG\u00fcn\u00fcm\u00fczde bir\u00e7ok ev ve i\u015f yerlerinde art\u0131k su ar\u0131tma cihazlar\u0131 tercih edilmekte. Bu y\u00fczden de kullan\u0131lan su ar\u0131tma cihazlar\u0131nda en \u00e7ok \u00f6nem arz eden nokta filtreleme i\u015flemleri olmaktad\u0131r. \u0130nsan sa\u011fl\u0131\u011f\u0131 g\u00f6z \u00f6n\u00fcne al\u0131nd\u0131\u011f\u0131nda sular\u0131n filtrelenerek i\u00e7ilebilecek seviyeye getirilme i\u015flemlerinde en \u00f6nemli unsur sediment filtrelerdir.\n\u00dclkemiz i\u00e7me sular\u0131 g\u00f6z \u00f6n\u00fcne al\u0131nd\u0131\u011f\u0131ndaysa en \u00e7ok tercih edilen filtrenin sediment filtre oldu\u011funu g\u00f6r\u00fclmektedir. Bu durum her ne kadar \u00fclke sular\u0131n\u0131n durumunu g\u00f6z \u00f6n\u00fcne s\u00fcrse de bir di\u011fer a\u00e7\u0131dan filtreleme alan\u0131nda en ba\u015far\u0131l\u0131 filtrenin tercih edilme oranlar\u0131na bak\u0131larak sediment filtreler oldu\u011funu g\u00f6stermektedir. \n<\/p>\n\t\t\t\t\t\t\t\t<\/div>\n\t\t\t\t\t\t\t\t<figure class=\"image-box\">\n\t\t\t\t\t\t\t\t\t   \n\t\t\t\t\t\t\t\t\t<img decoding=\"async\" src=\"https:\/\/dassfil.com.tr\/wp-content\/uploads\/2024\/08\/water-filters-glass-water-high-view-scaled.jpg\" alt=\"\"\/>\n\t\t\t\t\t\t\t\t\t\t\t\t\t\t\t\t\t<\/figure>\n\t\t\t\t\t\t\t<\/div>\n\t\t\t\t\t\t<\/div>\n\t\t\t\t\t<\/div>\n\t\t\t\t<\/div>\n\t\t\t<\/div>\n\t\t<\/section>\n             \n\t\t\t\t\t\t<\/div>\n\t\t\t\t<\/div>\n\t\t\t\t<div class=\"elementor-element elementor-element-50a93b81 elementor-widget elementor-widget-acuasafe_service_details2\" data-id=\"50a93b81\" data-element_type=\"widget\" data-widget_type=\"acuasafe_service_details2.default\">\n\t\t\t\t<div class=\"elementor-widget-container\">\n\t\t\t\t\t        \n\t\t<section class=\"service-details two\">\n\t\t\t<div class=\"auto-container\">\n\t\t\t\t<div class=\"row clearfix\">\n\t\t\t\t\t<div class=\"col-lg-12 col-md-12 col-sm-12 content-side\">\n\t\t\t\t\t\t<div class=\"service-details-content\">\n\t\t\t\t\t\t\t<div class=\"content-two\">\n\t\t\t\t\t\t\t\t<div class=\"text\">\n\t\t\t\t\t\t\t\t\t<h3>Sediment Filtre Nerede Kullan\u0131l\u0131r?<\/h3>\n\t\t\t\t\t\t\t\t\t<p>Sediment filtre, genel olarak ele al\u0131nd\u0131\u011f\u0131nda ev tipi ve end\u00fcstriyel su ar\u0131tma sistemlerinde kullan\u0131lmaktad\u0131r. Su ar\u0131tma cihazlar\u0131nda, partik\u00fcllerin di\u011fer filtreleri zaman\u0131ndan \u00f6nce t\u00fcketmesine engel olur. Bu filtreler \u00e7ok fazla miktarda tortu ayr\u0131\u015ft\u0131rmak durumunda oldu\u011fu i\u00e7in di\u011fer kirleticileri gideremezler. Bu filtreler ev su sistemlerinde kullan\u0131larak b\u00fcy\u00fck fayda sa\u011flar. Hem kullan\u0131lan hem de i\u00e7ilen suyun temin edildi\u011fi tesisat\u0131n korunmas\u0131nda etkilidir.<\/p>\n\t\t\t\t\t\t\t\t\t<p><\/p>\n\t\t\t\t\t\t\t\t<\/div>\n\t\t\t\t\t\t\t\t<div class=\"inner-box\">\n\t\t\t\t\t\t\t\t\t\t\t\t\t\t\t\t\t\t<div class=\"single-item\">\n\t\t\t\t\t\t\t\t\t\t<div class=\"icon-box\"><i class=\" flaticon-draw-check-mark\"><\/i><\/div>\n\t\t\t\t\t\t\t\t\t\t<h4><\/h4>\n\t\t\t\t\t\t\t\t\t\t<p>Bir ba\u015fka kullan\u0131m alan\u0131 ultraviyole ar\u0131tmad\u0131r. Bir ultraviyole ar\u0131tma sistemi, tortu y\u00fckl\u00fc bir suda iyi ve etkin \u00e7al\u0131\u015famaz. Sudaki tortu organizmalar\u0131 gizleyebilir, fark edilmemelerini sa\u011flar. Tortu fitresi de tam burada rol oynar, tortular\u0131 temizler ve ultraviyole \u0131\u015f\u0131nlar\u0131n\u0131n suyu etkili bir \u015fekilde temizlenmesini olanak verir. Tortu filtresi, su ar\u0131tma alan\u0131n\u0131n en de\u011ferlilerinden olan ters ozmoz sisteminde bulunur. Ters ozmoz sistemi tortuyu ayr\u0131\u015ft\u0131r\u0131labilir ancak tek ba\u015f\u0131na su ak\u0131\u015f\u0131n\u0131 t\u0131kayabilir. Bu filtre de kat\u0131 maddeleri ay\u0131rarak ba\u015fta karbon filtresi olmak \u00fczere di\u011fer filtreleri korur.<\/p>\n\t\t\t\t\t\t\t\t\t<\/div>\n\t\t\t\t\t\t\t\t\t\t\t\t\t\t\t\t\t\t<div class=\"single-item\">\n\t\t\t\t\t\t\t\t\t\t<div class=\"icon-box\"><i class=\" flaticon-draw-check-mark\"><\/i><\/div>\n\t\t\t\t\t\t\t\t\t\t<h4><\/h4>\n\t\t\t\t\t\t\t\t\t\t<p>End\u00fcstriyel alanda tesisat\u0131n, kullan\u0131lan makinelerin, bu alanda kullan\u0131lan su sistemlerinin korunmas\u0131nda kullan\u0131l\u0131r. \u00d6zellikle y\u00fcksek bas\u0131n\u00e7l\u0131 ve \u00e7ok y\u00fcksek bas\u0131n\u00e7l\u0131 temizleme makinelerinin kullan\u0131m\u0131ndan \u00f6nce filtrasyon i\u015flemi amac\u0131yla yer al\u0131r. Tar\u0131m alan\u0131nda da sediment filtreye rastlan\u0131r. Sulama \u00f6ncesinde, hayvanlara su verilmeden \u00f6nce, ya\u011fmur ve kuyu suyunu kullanmadan \u00f6nce bu filtreler ile temizleme ger\u00e7ekle\u015ftirilir.<\/p>\n\t\t\t\t\t\t\t\t\t<\/div>\n\t\t\t\t\t\t\t\t\t\t\t\t\t\t\t\t\t<\/div>\n\t\t\t\t\t\t\t<\/div>\n\t\t\t\t\t\t<\/div>\n\t\t\t\t\t<\/div>\n\t\t\t\t<\/div>\n\t\t\t<\/div>\n\t\t<\/section>\n             \n\t\t\t\t\t\t<\/div>\n\t\t\t\t<\/div>\n\t\t\t\t\t<\/div>\n\t\t<\/div>\n\t\t\t\t<div class=\"elementor-column elementor-col-33 elementor-top-column elementor-element elementor-element-63ca6df6\" data-id=\"63ca6df6\" data-element_type=\"column\">\n\t\t\t<div class=\"elementor-widget-wrap elementor-element-populated\">\n\t\t\t\t\t\t<div class=\"elementor-element elementor-element-155b366 elementor-widget elementor-widget-acuasafe_wi_menu\" data-id=\"155b366\" data-element_type=\"widget\" data-widget_type=\"acuasafe_wi_menu.default\">\n\t\t\t\t<div class=\"elementor-widget-container\">\n\t\t\t\t\t\n          \n\t\t<section class=\"service-details four\">\n\t\t\t<div class=\"auto-container\">\n\t\t\t\t<div class=\"row clearfix\">\n\t\t\t\t\t<div class=\"col-lg-12 col-md-12 col-sm-12 sidebar-side\">\n\t\t\t\t\t\t<div class=\"service-sidebar\">\n\t\t\t\t\t\t\t<div class=\"category-widget\">\n\t\t\t\t\t\t\t\t<h3>\u00dcR\u00dcNLER\u0130M\u0130Z<\/h3>\n\t\t\t\t\t\t\t\t<ul class=\"category-list clearfix\">\n\t\t\t\t\t\t\t\t\n\t\t\t\t\t\t\t\t\t\t\t\t\t\t\t\t\t\t\t\t\t\t\t\t\t\t\t\n\t\t\t\t\t\t\t\t\t<li><a href=\"https:\/\/dassfil.com.tr\/index.php\/polipropilen-torba-filtreler\/\"><i class=\"fas fa-caret-right\"><\/i>Polipropilen  Torba Filtreler<\/a><\/li>\n\t\t\t\t\t\t\t\t\t\n\t\t\t\t\t\t\t\t\t\t\t\t\t\t\t\t\t\t\t\t\t\t\t\t\t\t\t\t\t\t\t\t\t\t\t\t\n\t\t\t\t\t\t\t\t\t<li><a href=\"https:\/\/dassfil.com.tr\/index.php\/residential-waters\/\" class=\"current\"><i class=\"fas fa-caret-right\"><\/i>Sediment Filtre (SPUN)<\/a><\/li>\n\t\t\t\t\t\t\t\t\t\n\t\t\t\t\t\t\t\t\t\t\t\t\t\t\t\t\t\t\t\t\t\t\t\t\t\t\t\t\t\t\t\t\t\t\t\t\n\t\t\t\t\t\t\t\t\t<li><a href=\"https:\/\/dassfil.com.tr\/index.php\/commercial-waters\/\"><i class=\"fas fa-caret-right\"><\/i>\u0130plik Sarma Kartu\u015f Filtre<\/a><\/li>\n\t\t\t\t\t\t\t\t\t\n\t\t\t\t\t\t\t\t\t\t\t\t\t\t\t\t\t\t\t\t\t\t\t\t\t\t\t\t\t\t\t\t\t\t\t\t\n\t\t\t\t\t\t\t\t\t<li><a href=\"https:\/\/dassfil.com.tr\/index.php\/filtration-plants\/\"><i class=\"fas fa-caret-right\"><\/i>Monofilament S\u0131v\u0131 Filtre Torbas\u0131 \u00d6zellikleri<\/a><\/li>\n\t\t\t\t\t\t\t\t\t\n\t\t\t\t\t\t\t\t\t\t\t\t\t\t\t\t\t\t\t\t\t\t\t\t\t\t\t\t\t\t\t\t\t\t\t\t\n\t\t\t\t\t\t\t\t\t<li><a href=\"https:\/\/dassfil.com.tr\/index.php\/water-softening\/\"><i class=\"fas fa-caret-right\"><\/i>TORBA FILTRE MUHAFAZASI<\/a><\/li>\n\t\t\t\t\t\t\t\t\t\n\t\t\t\t\t\t\t\t\t\t\t\t\t\t\t\t\t\t\t\t\t\t\t\t\t\t<\/ul>\n\t\t\t\t\t\t\t<\/div>\n\t\t\t\t\t\t<\/div>\n\t\t\t\t\t<\/div>\n\t\t\t\t<\/div>\n\t\t\t<\/div>\n\t\t<\/section>\n            \n\t\t\t\t\t\t<\/div>\n\t\t\t\t<\/div>\n\t\t\t\t\t<\/div>\n\t\t<\/div>\n\t\t\t\t\t<\/div>\n\t\t<\/section>\n\t\t\t\t<\/div>\n\t\t","protected":false},"excerpt":{"rendered":"<p>Sediment Filtre (SPUN) Sediment filtre su ar\u0131tma cihazlar\u0131nda kullan\u0131lan ve hayati bir \u00f6neme sahip olan bir filtredir. R.O yani Reverse Osmosis cihazlarda ilk filtredir. Di\u011fer bir ad\u0131 spun filtre\u2019dir. Temel amac\u0131 ar\u0131tma cihaz\u0131na giren suyun i\u00e7erisindeki partik\u00fclleri, tortular\u0131, kum ve \u00e7amur gibi \u00e7\u00f6z\u00fcnmemi\u015f maddeleri filtreleyerek sudaki kirlili\u011fi \u00f6nlemektir. Bu sayede kendinden sonraki filtreler i\u00e7in \u00f6n temizlik yapm\u0131\u015f olur. G\u00fcn\u00fcm\u00fczde bir\u00e7ok ev ve i\u015f yerlerinde art\u0131k su ar\u0131tma cihazlar\u0131 tercih edilmekte. Bu y\u00fczden de kullan\u0131lan su ar\u0131tma cihazlar\u0131nda en \u00e7ok \u00f6nem arz eden nokta filtreleme i\u015flemleri olmaktad\u0131r. \u0130nsan sa\u011fl\u0131\u011f\u0131 g\u00f6z \u00f6n\u00fcne al\u0131nd\u0131\u011f\u0131nda sular\u0131n filtrelenerek i\u00e7ilebilecek seviyeye getirilme i\u015flemlerinde en \u00f6nemli unsur sediment filtrelerdir. \u00dclkemiz i\u00e7me sular\u0131 g\u00f6z \u00f6n\u00fcne al\u0131nd\u0131\u011f\u0131ndaysa en \u00e7ok tercih edilen filtrenin sediment filtre oldu\u011funu g\u00f6r\u00fclmektedir. Bu durum her ne kadar \u00fclke sular\u0131n\u0131n durumunu g\u00f6z \u00f6n\u00fcne s\u00fcrse de bir di\u011fer a\u00e7\u0131dan filtreleme alan\u0131nda en ba\u015far\u0131l\u0131 filtrenin tercih edilme oranlar\u0131na bak\u0131larak sediment filtreler oldu\u011funu g\u00f6stermektedir. Sediment Filtre Nerede Kullan\u0131l\u0131r? Sediment filtre, genel olarak ele al\u0131nd\u0131\u011f\u0131nda ev tipi ve end\u00fcstriyel su ar\u0131tma sistemlerinde kullan\u0131lmaktad\u0131r. Su ar\u0131tma cihazlar\u0131nda, partik\u00fcllerin di\u011fer filtreleri zaman\u0131ndan \u00f6nce t\u00fcketmesine engel olur. Bu filtreler \u00e7ok fazla miktarda tortu ayr\u0131\u015ft\u0131rmak durumunda oldu\u011fu i\u00e7in di\u011fer kirleticileri gideremezler. Bu filtreler ev su sistemlerinde kullan\u0131larak b\u00fcy\u00fck fayda sa\u011flar. Hem kullan\u0131lan hem de i\u00e7ilen suyun temin edildi\u011fi tesisat\u0131n korunmas\u0131nda etkilidir. Bir ba\u015fka kullan\u0131m alan\u0131 ultraviyole ar\u0131tmad\u0131r. Bir ultraviyole ar\u0131tma sistemi, tortu y\u00fckl\u00fc bir suda iyi ve etkin \u00e7al\u0131\u015famaz. Sudaki tortu organizmalar\u0131 gizleyebilir, fark edilmemelerini sa\u011flar. Tortu fitresi de tam burada rol oynar, tortular\u0131 temizler ve ultraviyole \u0131\u015f\u0131nlar\u0131n\u0131n suyu etkili bir \u015fekilde temizlenmesini olanak verir. Tortu filtresi, su ar\u0131tma alan\u0131n\u0131n en de\u011ferlilerinden olan ters ozmoz sisteminde bulunur. Ters ozmoz sistemi tortuyu ayr\u0131\u015ft\u0131r\u0131labilir ancak tek ba\u015f\u0131na su ak\u0131\u015f\u0131n\u0131 t\u0131kayabilir. Bu filtre de kat\u0131 maddeleri ay\u0131rarak ba\u015fta karbon filtresi olmak \u00fczere di\u011fer filtreleri korur. End\u00fcstriyel alanda tesisat\u0131n, kullan\u0131lan makinelerin, bu alanda kullan\u0131lan su sistemlerinin korunmas\u0131nda kullan\u0131l\u0131r. \u00d6zellikle y\u00fcksek bas\u0131n\u00e7l\u0131 ve \u00e7ok y\u00fcksek bas\u0131n\u00e7l\u0131 temizleme makinelerinin kullan\u0131m\u0131ndan \u00f6nce filtrasyon i\u015flemi amac\u0131yla yer al\u0131r. Tar\u0131m alan\u0131nda da sediment filtreye rastlan\u0131r. Sulama \u00f6ncesinde, hayvanlara su verilmeden \u00f6nce, ya\u011fmur ve kuyu suyunu kullanmadan \u00f6nce bu filtreler ile temizleme ger\u00e7ekle\u015ftirilir. \u00dcR\u00dcNLER\u0130M\u0130Z Polipropilen Torba Filtreler Sediment Filtre (SPUN) \u0130plik Sarma Kartu\u015f Filtre Monofilament S\u0131v\u0131 Filtre Torbas\u0131 \u00d6zellikleri TORBA FILTRE MUHAFAZASI<\/p>\n","protected":false},"author":1,"featured_media":0,"parent":0,"menu_order":0,"comment_status":"closed","ping_status":"closed","template":"tpl-default-elementor.php","meta":{"footnotes":""},"class_list":["post-434","page","type-page","status-publish","hentry"],"_links":{"self":[{"href":"https:\/\/dassfil.com.tr\/index.php\/wp-json\/wp\/v2\/pages\/434","targetHints":{"allow":["GET"]}}],"collection":[{"href":"https:\/\/dassfil.com.tr\/index.php\/wp-json\/wp\/v2\/pages"}],"about":[{"href":"https:\/\/dassfil.com.tr\/index.php\/wp-json\/wp\/v2\/types\/page"}],"author":[{"embeddable":true,"href":"https:\/\/dassfil.com.tr\/index.php\/wp-json\/wp\/v2\/users\/1"}],"replies":[{"embeddable":true,"href":"https:\/\/dassfil.com.tr\/index.php\/wp-json\/wp\/v2\/comments?post=434"}],"version-history":[{"count":8,"href":"https:\/\/dassfil.com.tr\/index.php\/wp-json\/wp\/v2\/pages\/434\/revisions"}],"predecessor-version":[{"id":2914,"href":"https:\/\/dassfil.com.tr\/index.php\/wp-json\/wp\/v2\/pages\/434\/revisions\/2914"}],"wp:attachment":[{"href":"https:\/\/dassfil.com.tr\/index.php\/wp-json\/wp\/v2\/media?parent=434"}],"curies":[{"name":"wp","href":"https:\/\/api.w.org\/{rel}","templated":true}]}}